{"id":8406,"date":"2016-01-15T21:46:37","date_gmt":"2016-01-15T18:46:37","guid":{"rendered":"http:\/\/heamoobel.ee\/et\/tehtud-tood\/detskaya\/"},"modified":"2016-03-31T11:28:15","modified_gmt":"2016-03-31T08:28:15","slug":"lastetuba","status":"publish","type":"page","link":"https:\/\/heamoobel.ee\/et\/tehtud-tood\/lastetuba\/","title":{"rendered":"Lastetuba"},"content":{"rendered":"<style type=\"text\/css\"> \n#cmsms_row_69f0b2023087b2_85976912 { \n\tbackground-image: url(https:\/\/heamoobel.ee\/wp-content\/uploads\/2016\/01\/modern-kids-room-4.jpg); \n\tbackground-position: top left; \n\tbackground-repeat: no-repeat; \n\tbackground-attachment: scroll; \n\tbackground-size: auto; \n} \n\n#cmsms_row_69f0b2023087b2_85976912 .cmsms_row_outer_parent { \n\tpadding-top: 130px; \n} \n\n#cmsms_row_69f0b2023087b2_85976912 .cmsms_row_outer_parent { \n\tpadding-bottom: 130px; \n} \n\n#cmsms_row_69f0b2023087b2_85976912 .cmsms_row_overlay { \n\tbackground-color:rgba(37,37,49,0.5);\n} \n\n \n#cmsms_heading_69f0b20230f4d7_34424063 { \n\ttext-align:center; \n\tmargin-top:0px; \n\tmargin-bottom:0px; \n} \n\n#cmsms_heading_69f0b20230f4d7_34424063 .cmsms_heading { \n\ttext-align:center; \n} \n\n#cmsms_heading_69f0b20230f4d7_34424063 .cmsms_heading, #cmsms_heading_69f0b20230f4d7_34424063 .cmsms_heading a { \n\tfont-family:'Open Sans'; \n\tfont-size:64px; \n\tline-height:80px; \n\tfont-weight:600; \n\tfont-style:normal; \n\tcolor:#ffffff;\n} \n\n#cmsms_heading_69f0b20230f4d7_34424063 .cmsms_heading_divider { \n} \n\n@media (max-width: 767px) {\n\n#cmsms_heading_69f0b20230f4d7_34424063 .cmsms_heading, #cmsms_heading_69f0b20230f4d7_34424063 .cmsms_heading a { \n\tfont-size:54px; \n\tline-height:64px; \n} \n\n} \n\n \n#cmsms_row_69f0b202310350_92451975 .cmsms_row_outer_parent { \n\tpadding-top: 70px; \n} \n\n#cmsms_row_69f0b202310350_92451975 .cmsms_row_outer_parent { \n\tpadding-bottom: 70px; \n} \n\n \n#cmsms_row_69f0b202369fd9_00694211 .cmsms_row_outer_parent { \n\tpadding-top: 0px; \n} \n\n#cmsms_row_69f0b202369fd9_00694211 .cmsms_row_outer_parent { \n\tpadding-bottom: 0px; \n} \n\n \n#cmsms_divider_69f0b20236ad07_91562474 { \n\tborder-bottom-width:1px; \n\tborder-bottom-style:solid; \n\tpadding-top:0px; \n\tmargin-bottom:0px; \n} \n<\/style><div id=\"cmsms_row_69f0b2023087b2_85976912\" class=\"cmsms_row cmsms_color_scheme_default\" data-stellar-background-ratio=\"0.5\">\n<div class=\"cmsms_row_outer_parent\">\n<div class=\"cmsms_row_overlay\"><\/div>\n<div class=\"cmsms_row_outer\">\n<div class=\"cmsms_row_inner\">\n<div class=\"cmsms_row_margin\">\n<div class=\"cmsms_column one_first\">\n\n<div id=\"cmsms_heading_69f0b20230f4d7_34424063\" class=\"cmsms_heading_wrap cmsms_heading_align_center\">\n\t<h1 class=\"cmsms_heading\">Lastetuba<\/h1>\n<\/div>\n<\/div>\n<\/div>\n<\/div>\n<\/div>\n<\/div>\n<\/div>\n<div id=\"cmsms_row_69f0b202310350_92451975\" class=\"cmsms_row cmsms_color_scheme_default\">\n<div class=\"cmsms_row_outer_parent\">\n<div class=\"cmsms_row_outer\">\n<div class=\"cmsms_row_inner\">\n<div class=\"cmsms_row_margin\">\n<div class=\"cmsms_column one_first\">\n<div class=\"cmsms_wrap_portfolio entry-summary\" id=\"portfolio_69f0b20231262\">\n\t<script type=\"text\/javascript\">\n\tjQuery(document).ready(function () {\n\t(function ($) {\n\t\tif ($('#portfolio_69f0b20231262').find('article').length == '0') {\n\t\t\treturn false;\n\t\t}\n\t\t\n\n\t\tstartPortfolio( \n\t\t\t'69f0b20231262', \n\t\t\t'grid', \n\t\t\t'masonry', \n\t\t\t'https:\/\/heamoobel.ee\/wp-content\/plugins\/cmsms-content-composer\/', \n\t\t\t'date', \n\t\t\t'DESC', \n\t\t\t'10', \n\t\t\t'lastetuba', \n\t\t\t'title,rollover' \n\t\t);\n\t} )(jQuery);\n\t} );\n\t<\/script>\n\t<div class=\"portfolio grid large_gap masonry cmsms_5\">\n<!--_________________________ Start Gallery Project _________________________ -->\n\n<article id=\"post-9396\" class=\"post-9396 project type-project status-publish format-gallery has-post-thumbnail hentry pj-categs-lastetuba\" data-category=\"lastetuba\">\n\t<div class=\"project_outer\">\n\t<figure class=\"cmsms_img_rollover_wrap preloader highImg\"><img loading=\"lazy\" decoding=\"async\" width=\"580\" height=\"387\" src=\"https:\/\/heamoobel.ee\/wp-content\/uploads\/2022\/05\/5R9A5181-Edit-580x387.jpg\" class=\"full-width wp-post-image\" alt=\"T\u00fcdrukute tuba\" title=\"T\u00fcdrukute tuba\" srcset=\"https:\/\/heamoobel.ee\/wp-content\/uploads\/2022\/05\/5R9A5181-Edit-580x387.jpg 580w, https:\/\/heamoobel.ee\/wp-content\/uploads\/2022\/05\/5R9A5181-Edit-300x200.jpg 300w, https:\/\/heamoobel.ee\/wp-content\/uploads\/2022\/05\/5R9A5181-Edit-1024x683.jpg 1024w, https:\/\/heamoobel.ee\/wp-content\/uploads\/2022\/05\/5R9A5181-Edit-768x512.jpg 768w, https:\/\/heamoobel.ee\/wp-content\/uploads\/2022\/05\/5R9A5181-Edit-860x573.jpg 860w, https:\/\/heamoobel.ee\/wp-content\/uploads\/2022\/05\/5R9A5181-Edit-1160x773.jpg 1160w, https:\/\/heamoobel.ee\/wp-content\/uploads\/2022\/05\/5R9A5181-Edit.jpg 1500w\" sizes=\"(max-width: 580px) 100vw, 580px\" \/><div class=\"cmsms_img_rollover\"><a href=\"https:\/\/heamoobel.ee\/et\/project\/tudrukute-tuba\/\" title=\"T\u00fcdrukute tuba\" class=\"cmsms_open_link\">Vaata<\/a><\/div><\/figure><div class=\"project_inner\"><header class=\"cmsms_project_header entry-header\"><h5 class=\"cmsms_project_title entry-title\"><a href=\"https:\/\/heamoobel.ee\/et\/project\/tudrukute-tuba\/\">T\u00fcdrukute tuba<\/a><\/h5><\/header><\/div><span class=\"dn meta-date\">20220502093446<\/span>\t\t<div class=\"cl\"><\/div>\n\t<\/div>\n<\/article>\n<!--_________________________ Finish Gallery Project _________________________ -->\n\n\n<!--_________________________ Start Gallery Project _________________________ -->\n\n<article id=\"post-9242\" class=\"post-9242 project type-project status-publish format-gallery has-post-thumbnail hentry pj-categs-lastetuba\" data-category=\"lastetuba\">\n\t<div class=\"project_outer\">\n\t<figure class=\"cmsms_img_rollover_wrap preloader highImg\"><img loading=\"lazy\" decoding=\"async\" width=\"580\" height=\"386\" src=\"https:\/\/heamoobel.ee\/wp-content\/uploads\/2022\/04\/5R9A5520-580x386.jpg\" class=\"full-width wp-post-image\" alt=\"Venna ja \u00f5e tuba\" title=\"Venna ja \u00f5e tuba\" srcset=\"https:\/\/heamoobel.ee\/wp-content\/uploads\/2022\/04\/5R9A5520-580x386.jpg 580w, https:\/\/heamoobel.ee\/wp-content\/uploads\/2022\/04\/5R9A5520-300x200.jpg 300w, https:\/\/heamoobel.ee\/wp-content\/uploads\/2022\/04\/5R9A5520-1024x682.jpg 1024w, https:\/\/heamoobel.ee\/wp-content\/uploads\/2022\/04\/5R9A5520-768x512.jpg 768w, https:\/\/heamoobel.ee\/wp-content\/uploads\/2022\/04\/5R9A5520-1536x1023.jpg 1536w, https:\/\/heamoobel.ee\/wp-content\/uploads\/2022\/04\/5R9A5520-860x573.jpg 860w, https:\/\/heamoobel.ee\/wp-content\/uploads\/2022\/04\/5R9A5520-1160x773.jpg 1160w, https:\/\/heamoobel.ee\/wp-content\/uploads\/2022\/04\/5R9A5520.jpg 1600w\" sizes=\"(max-width: 580px) 100vw, 580px\" \/><div class=\"cmsms_img_rollover\"><a href=\"https:\/\/heamoobel.ee\/et\/project\/venna-ja-oe-tuba-2\/\" title=\"Venna ja \u00f5e tuba\" class=\"cmsms_open_link\">Vaata<\/a><\/div><\/figure><div class=\"project_inner\"><header class=\"cmsms_project_header entry-header\"><h5 class=\"cmsms_project_title entry-title\"><a href=\"https:\/\/heamoobel.ee\/et\/project\/venna-ja-oe-tuba-2\/\">Venna ja \u00f5e tuba<\/a><\/h5><\/header><\/div><span class=\"dn meta-date\">20220430133424<\/span>\t\t<div class=\"cl\"><\/div>\n\t<\/div>\n<\/article>\n<!--_________________________ Finish Gallery Project _________________________ -->\n\n\n<!--_________________________ Start Gallery Project _________________________ -->\n\n<article id=\"post-9208\" class=\"post-9208 project type-project status-publish format-gallery has-post-thumbnail hentry pj-categs-lastetuba\" data-category=\"lastetuba\">\n\t<div class=\"project_outer\">\n\t<figure class=\"cmsms_img_rollover_wrap preloader highImg\"><img loading=\"lazy\" decoding=\"async\" width=\"580\" height=\"773\" src=\"https:\/\/heamoobel.ee\/wp-content\/uploads\/2022\/04\/5R9A4070-580x773.jpg\" class=\"full-width wp-post-image\" alt=\"Venna ja \u00f5e tuba\" title=\"Venna ja \u00f5e tuba\" srcset=\"https:\/\/heamoobel.ee\/wp-content\/uploads\/2022\/04\/5R9A4070-580x773.jpg 580w, https:\/\/heamoobel.ee\/wp-content\/uploads\/2022\/04\/5R9A4070-225x300.jpg 225w, https:\/\/heamoobel.ee\/wp-content\/uploads\/2022\/04\/5R9A4070.jpg 750w\" sizes=\"(max-width: 580px) 100vw, 580px\" \/><div class=\"cmsms_img_rollover\"><a href=\"https:\/\/heamoobel.ee\/et\/project\/venna-ja-oe-tuba\/\" title=\"Venna ja \u00f5e tuba\" class=\"cmsms_open_link\">Vaata<\/a><\/div><\/figure><div class=\"project_inner\"><header class=\"cmsms_project_header entry-header\"><h5 class=\"cmsms_project_title entry-title\"><a href=\"https:\/\/heamoobel.ee\/et\/project\/venna-ja-oe-tuba\/\">Venna ja \u00f5e tuba<\/a><\/h5><\/header><\/div><span class=\"dn meta-date\">20220430133048<\/span>\t\t<div class=\"cl\"><\/div>\n\t<\/div>\n<\/article>\n<!--_________________________ Finish Gallery Project _________________________ -->\n\n\n<!--_________________________ Start Gallery Project _________________________ -->\n\n<article id=\"post-9164\" class=\"post-9164 project type-project status-publish format-gallery has-post-thumbnail hentry pj-categs-lastetuba\" data-category=\"lastetuba\">\n\t<div class=\"project_outer\">\n\t<figure class=\"cmsms_img_rollover_wrap preloader highImg\"><img loading=\"lazy\" decoding=\"async\" width=\"580\" height=\"387\" src=\"https:\/\/heamoobel.ee\/wp-content\/uploads\/2022\/03\/UUS4914-580x387.jpg\" class=\"full-width wp-post-image\" alt=\"Poiste ja t\u00fcdrukute toad\" title=\"Poiste ja t\u00fcdrukute toad\" srcset=\"https:\/\/heamoobel.ee\/wp-content\/uploads\/2022\/03\/UUS4914-580x387.jpg 580w, https:\/\/heamoobel.ee\/wp-content\/uploads\/2022\/03\/UUS4914-300x200.jpg 300w, https:\/\/heamoobel.ee\/wp-content\/uploads\/2022\/03\/UUS4914-1024x682.jpg 1024w, https:\/\/heamoobel.ee\/wp-content\/uploads\/2022\/03\/UUS4914-768x512.jpg 768w, https:\/\/heamoobel.ee\/wp-content\/uploads\/2022\/03\/UUS4914-860x573.jpg 860w, https:\/\/heamoobel.ee\/wp-content\/uploads\/2022\/03\/UUS4914-1160x773.jpg 1160w, https:\/\/heamoobel.ee\/wp-content\/uploads\/2022\/03\/UUS4914.jpg 1280w\" sizes=\"(max-width: 580px) 100vw, 580px\" \/><div class=\"cmsms_img_rollover\"><a href=\"https:\/\/heamoobel.ee\/et\/project\/poiste-ja-tudrukute-toad\/\" title=\"Poiste ja t\u00fcdrukute toad\" class=\"cmsms_open_link\">Vaata<\/a><\/div><\/figure><div class=\"project_inner\"><header class=\"cmsms_project_header entry-header\"><h5 class=\"cmsms_project_title entry-title\"><a href=\"https:\/\/heamoobel.ee\/et\/project\/poiste-ja-tudrukute-toad\/\">Poiste ja t\u00fcdrukute toad<\/a><\/h5><\/header><\/div><span class=\"dn meta-date\">20220320141107<\/span>\t\t<div class=\"cl\"><\/div>\n\t<\/div>\n<\/article>\n<!--_________________________ Finish Gallery Project _________________________ -->\n\n\n<!--_________________________ Start Gallery Project _________________________ -->\n\n<article id=\"post-8388\" class=\"post-8388 project type-project status-publish format-gallery has-post-thumbnail hentry pj-categs-lastetuba\" data-category=\"lastetuba\">\n\t<div class=\"project_outer\">\n\t<figure class=\"cmsms_img_rollover_wrap preloader highImg\"><img loading=\"lazy\" decoding=\"async\" width=\"580\" height=\"870\" src=\"https:\/\/heamoobel.ee\/wp-content\/uploads\/2016\/02\/UUS3625-580x870.jpg\" class=\"full-width wp-post-image\" alt=\"T\u00fctarlapse tuba. Eramu Tallinnas\" title=\"T\u00fctarlapse tuba. Eramu Tallinnas\" srcset=\"https:\/\/heamoobel.ee\/wp-content\/uploads\/2016\/02\/UUS3625-580x870.jpg 580w, https:\/\/heamoobel.ee\/wp-content\/uploads\/2016\/02\/UUS3625-200x300.jpg 200w, https:\/\/heamoobel.ee\/wp-content\/uploads\/2016\/02\/UUS3625-768x1152.jpg 768w, https:\/\/heamoobel.ee\/wp-content\/uploads\/2016\/02\/UUS3625-683x1024.jpg 683w, https:\/\/heamoobel.ee\/wp-content\/uploads\/2016\/02\/UUS3625.jpg 800w\" sizes=\"(max-width: 580px) 100vw, 580px\" \/><div class=\"cmsms_img_rollover\"><a href=\"https:\/\/heamoobel.ee\/et\/project\/tutarlapse-tuba-eramu-tallinnas\/\" title=\"T\u00fctarlapse tuba. Eramu Tallinnas\" class=\"cmsms_open_link\">Vaata<\/a><\/div><\/figure><div class=\"project_inner\"><header class=\"cmsms_project_header entry-header\"><h5 class=\"cmsms_project_title entry-title\"><a href=\"https:\/\/heamoobel.ee\/et\/project\/tutarlapse-tuba-eramu-tallinnas\/\">T\u00fctarlapse tuba. Eramu Tallinnas<\/a><\/h5><\/header><\/div><span class=\"dn meta-date\">20160202115634<\/span>\t\t<div class=\"cl\"><\/div>\n\t<\/div>\n<\/article>\n<!--_________________________ Finish Gallery Project _________________________ -->\n\n\n<!--_________________________ Start Gallery Project _________________________ -->\n\n<article id=\"post-8392\" class=\"post-8392 project type-project status-publish format-gallery has-post-thumbnail hentry pj-categs-lastetuba\" data-category=\"lastetuba\">\n\t<div class=\"project_outer\">\n\t<figure class=\"cmsms_img_rollover_wrap preloader highImg\"><img loading=\"lazy\" decoding=\"async\" width=\"580\" height=\"384\" src=\"https:\/\/heamoobel.ee\/wp-content\/uploads\/2016\/01\/DSC_6279-580x384.jpg\" class=\"full-width wp-post-image\" alt=\"Poisslapse tuba. Eramu Tallinnas\" title=\"Poisslapse tuba. Eramu Tallinnas\" srcset=\"https:\/\/heamoobel.ee\/wp-content\/uploads\/2016\/01\/DSC_6279-580x384.jpg 580w, https:\/\/heamoobel.ee\/wp-content\/uploads\/2016\/01\/DSC_6279-300x199.jpg 300w, https:\/\/heamoobel.ee\/wp-content\/uploads\/2016\/01\/DSC_6279-768x509.jpg 768w, https:\/\/heamoobel.ee\/wp-content\/uploads\/2016\/01\/DSC_6279-1024x678.jpg 1024w, https:\/\/heamoobel.ee\/wp-content\/uploads\/2016\/01\/DSC_6279-860x570.jpg 860w, https:\/\/heamoobel.ee\/wp-content\/uploads\/2016\/01\/DSC_6279-1160x769.jpg 1160w, https:\/\/heamoobel.ee\/wp-content\/uploads\/2016\/01\/DSC_6279.jpg 1600w\" sizes=\"(max-width: 580px) 100vw, 580px\" \/><div class=\"cmsms_img_rollover\"><a href=\"https:\/\/heamoobel.ee\/et\/project\/poisslapse-tuba-eramu-tallinnas\/\" title=\"Poisslapse tuba. Eramu Tallinnas\" class=\"cmsms_open_link\">Vaata<\/a><\/div><\/figure><div class=\"project_inner\"><header class=\"cmsms_project_header entry-header\"><h5 class=\"cmsms_project_title entry-title\"><a href=\"https:\/\/heamoobel.ee\/et\/project\/poisslapse-tuba-eramu-tallinnas\/\">Poisslapse tuba. Eramu Tallinnas<\/a><\/h5><\/header><\/div><span class=\"dn meta-date\">20160115161622<\/span>\t\t<div class=\"cl\"><\/div>\n\t<\/div>\n<\/article>\n<!--_________________________ Finish Gallery Project _________________________ -->\n\n\n<!--_________________________ Start Gallery Project _________________________ -->\n\n<article id=\"post-8398\" class=\"post-8398 project type-project status-publish format-gallery has-post-thumbnail hentry pj-categs-lastetuba\" data-category=\"lastetuba\">\n\t<div class=\"project_outer\">\n\t<figure class=\"cmsms_img_rollover_wrap preloader highImg\"><img loading=\"lazy\" decoding=\"async\" width=\"580\" height=\"387\" src=\"https:\/\/heamoobel.ee\/wp-content\/uploads\/2016\/01\/IMG_3008lkmbfofg-580x387.jpg\" class=\"full-width wp-post-image\" alt=\"T\u00fctarlapse tuba. Korter Tallinnas\" title=\"T\u00fctarlapse tuba. Korter Tallinnas\" srcset=\"https:\/\/heamoobel.ee\/wp-content\/uploads\/2016\/01\/IMG_3008lkmbfofg-580x387.jpg 580w, https:\/\/heamoobel.ee\/wp-content\/uploads\/2016\/01\/IMG_3008lkmbfofg-300x200.jpg 300w, https:\/\/heamoobel.ee\/wp-content\/uploads\/2016\/01\/IMG_3008lkmbfofg-768x512.jpg 768w, https:\/\/heamoobel.ee\/wp-content\/uploads\/2016\/01\/IMG_3008lkmbfofg-1024x683.jpg 1024w, https:\/\/heamoobel.ee\/wp-content\/uploads\/2016\/01\/IMG_3008lkmbfofg-860x574.jpg 860w, https:\/\/heamoobel.ee\/wp-content\/uploads\/2016\/01\/IMG_3008lkmbfofg-1160x774.jpg 1160w, https:\/\/heamoobel.ee\/wp-content\/uploads\/2016\/01\/IMG_3008lkmbfofg.jpg 1600w\" sizes=\"(max-width: 580px) 100vw, 580px\" \/><div class=\"cmsms_img_rollover\"><a href=\"https:\/\/heamoobel.ee\/et\/project\/tutarlapse-tuba-korter-tallinnas\/\" title=\"T\u00fctarlapse tuba. Korter Tallinnas\" class=\"cmsms_open_link\">Vaata<\/a><\/div><\/figure><div class=\"project_inner\"><header class=\"cmsms_project_header entry-header\"><h5 class=\"cmsms_project_title entry-title\"><a href=\"https:\/\/heamoobel.ee\/et\/project\/tutarlapse-tuba-korter-tallinnas\/\">T\u00fctarlapse tuba. Korter Tallinnas<\/a><\/h5><\/header><\/div><span class=\"dn meta-date\">20160115155804<\/span>\t\t<div class=\"cl\"><\/div>\n\t<\/div>\n<\/article>\n<!--_________________________ Finish Gallery Project _________________________ -->\n\n<\/div><div class=\"cmsms_wrap_more_projects cmsms_wrap_more_items\"><\/div><\/div>\n<\/div>\n<\/div>\n<\/div>\n<\/div>\n<\/div>\n<\/div>\n<div id=\"cmsms_row_69f0b202369fd9_00694211\" class=\"cmsms_row cmsms_color_scheme_default\">\n<div class=\"cmsms_row_outer_parent\">\n<div class=\"cmsms_row_outer\">\n<div class=\"cmsms_row_inner\">\n<div class=\"cmsms_row_margin\">\n<div class=\"cmsms_column one_first\">\n\n<div id=\"cmsms_divider_69f0b20236ad07_91562474\" class=\"cmsms_divider cmsms_divider_width_long cmsms_divider_pos_center\"><\/div>\n<\/div>\n<\/div>\n<\/div>\n<\/div>\n<\/div>\n<\/div>\n\n","protected":false},"excerpt":{"rendered":"","protected":false},"author":3,"featured_media":0,"parent":8400,"menu_order":0,"comment_status":"closed","ping_status":"closed","template":"","meta":{"footnotes":""},"yoast_head":"<!-- This site is optimized with the Yoast SEO plugin v22.6 - https:\/\/yoast.com\/wordpress\/plugins\/seo\/ -->\n<title>Lastetuba &#8211; Hea M\u00f6\u00f6bel O\u00dc<\/title>\n<meta name=\"robots\" content=\"index, follow, max-snippet:-1, max-image-preview:large, max-video-preview:-1\" \/>\n<link rel=\"canonical\" href=\"https:\/\/heamoobel.ee\/et\/tehtud-tood\/lastetuba\/\" \/>\n<meta property=\"og:locale\" content=\"et_EE\" \/>\n<meta property=\"og:type\" content=\"article\" \/>\n<meta property=\"og:title\" content=\"Lastetuba &#8211; Hea M\u00f6\u00f6bel O\u00dc\" \/>\n<meta property=\"og:url\" content=\"https:\/\/heamoobel.ee\/et\/tehtud-tood\/lastetuba\/\" \/>\n<meta property=\"og:site_name\" content=\"Hea M\u00f6\u00f6bel O\u00dc\" \/>\n<meta property=\"article:modified_time\" content=\"2016-03-31T08:28:15+00:00\" \/>\n<meta name=\"twitter:card\" content=\"summary_large_image\" \/>\n<meta name=\"twitter:label1\" content=\"Est. reading time\" \/>\n\t<meta name=\"twitter:data1\" content=\"1 minut\" \/>\n<script type=\"application\/ld+json\" class=\"yoast-schema-graph\">{\"@context\":\"https:\/\/schema.org\",\"@graph\":[{\"@type\":\"WebPage\",\"@id\":\"https:\/\/heamoobel.ee\/et\/tehtud-tood\/lastetuba\/\",\"url\":\"https:\/\/heamoobel.ee\/et\/tehtud-tood\/lastetuba\/\",\"name\":\"Lastetuba &#8211; Hea M\u00f6\u00f6bel O\u00dc\",\"isPartOf\":{\"@id\":\"https:\/\/heamoobel.ee\/#website\"},\"datePublished\":\"2016-01-15T18:46:37+00:00\",\"dateModified\":\"2016-03-31T08:28:15+00:00\",\"breadcrumb\":{\"@id\":\"https:\/\/heamoobel.ee\/et\/tehtud-tood\/lastetuba\/#breadcrumb\"},\"inLanguage\":\"et\",\"potentialAction\":[{\"@type\":\"ReadAction\",\"target\":[\"https:\/\/heamoobel.ee\/et\/tehtud-tood\/lastetuba\/\"]}]},{\"@type\":\"BreadcrumbList\",\"@id\":\"https:\/\/heamoobel.ee\/et\/tehtud-tood\/lastetuba\/#breadcrumb\",\"itemListElement\":[{\"@type\":\"ListItem\",\"position\":1,\"name\":\"\u0413\u043b\u0430\u0432\u043d\u0430\u044f \u0441\u0442\u0440\u0430\u043d\u0438\u0446\u0430\",\"item\":\"https:\/\/heamoobel.ee\/et\/\"},{\"@type\":\"ListItem\",\"position\":2,\"name\":\"Tehtud t\u00f6\u00f6d\",\"item\":\"https:\/\/heamoobel.ee\/et\/tehtud-tood\/\"},{\"@type\":\"ListItem\",\"position\":3,\"name\":\"Lastetuba\"}]},{\"@type\":\"WebSite\",\"@id\":\"https:\/\/heamoobel.ee\/#website\",\"url\":\"https:\/\/heamoobel.ee\/\",\"name\":\"Hea M\u00f6\u00f6bel O\u00dc\",\"description\":\"\",\"potentialAction\":[{\"@type\":\"SearchAction\",\"target\":{\"@type\":\"EntryPoint\",\"urlTemplate\":\"https:\/\/heamoobel.ee\/?s={search_term_string}\"},\"query-input\":\"required name=search_term_string\"}],\"inLanguage\":\"et\"}]}<\/script>\n<!-- \/ Yoast SEO plugin. -->","yoast_head_json":{"title":"Lastetuba &#8211; Hea M\u00f6\u00f6bel O\u00dc","robots":{"index":"index","follow":"follow","max-snippet":"max-snippet:-1","max-image-preview":"max-image-preview:large","max-video-preview":"max-video-preview:-1"},"canonical":"https:\/\/heamoobel.ee\/et\/tehtud-tood\/lastetuba\/","og_locale":"et_EE","og_type":"article","og_title":"Lastetuba &#8211; Hea M\u00f6\u00f6bel O\u00dc","og_url":"https:\/\/heamoobel.ee\/et\/tehtud-tood\/lastetuba\/","og_site_name":"Hea M\u00f6\u00f6bel O\u00dc","article_modified_time":"2016-03-31T08:28:15+00:00","twitter_card":"summary_large_image","twitter_misc":{"Est. reading time":"1 minut"},"schema":{"@context":"https:\/\/schema.org","@graph":[{"@type":"WebPage","@id":"https:\/\/heamoobel.ee\/et\/tehtud-tood\/lastetuba\/","url":"https:\/\/heamoobel.ee\/et\/tehtud-tood\/lastetuba\/","name":"Lastetuba &#8211; Hea M\u00f6\u00f6bel O\u00dc","isPartOf":{"@id":"https:\/\/heamoobel.ee\/#website"},"datePublished":"2016-01-15T18:46:37+00:00","dateModified":"2016-03-31T08:28:15+00:00","breadcrumb":{"@id":"https:\/\/heamoobel.ee\/et\/tehtud-tood\/lastetuba\/#breadcrumb"},"inLanguage":"et","potentialAction":[{"@type":"ReadAction","target":["https:\/\/heamoobel.ee\/et\/tehtud-tood\/lastetuba\/"]}]},{"@type":"BreadcrumbList","@id":"https:\/\/heamoobel.ee\/et\/tehtud-tood\/lastetuba\/#breadcrumb","itemListElement":[{"@type":"ListItem","position":1,"name":"\u0413\u043b\u0430\u0432\u043d\u0430\u044f \u0441\u0442\u0440\u0430\u043d\u0438\u0446\u0430","item":"https:\/\/heamoobel.ee\/et\/"},{"@type":"ListItem","position":2,"name":"Tehtud t\u00f6\u00f6d","item":"https:\/\/heamoobel.ee\/et\/tehtud-tood\/"},{"@type":"ListItem","position":3,"name":"Lastetuba"}]},{"@type":"WebSite","@id":"https:\/\/heamoobel.ee\/#website","url":"https:\/\/heamoobel.ee\/","name":"Hea M\u00f6\u00f6bel O\u00dc","description":"","potentialAction":[{"@type":"SearchAction","target":{"@type":"EntryPoint","urlTemplate":"https:\/\/heamoobel.ee\/?s={search_term_string}"},"query-input":"required name=search_term_string"}],"inLanguage":"et"}]}},"_links":{"self":[{"href":"https:\/\/heamoobel.ee\/et\/wp-json\/wp\/v2\/pages\/8406"}],"collection":[{"href":"https:\/\/heamoobel.ee\/et\/wp-json\/wp\/v2\/pages"}],"about":[{"href":"https:\/\/heamoobel.ee\/et\/wp-json\/wp\/v2\/types\/page"}],"author":[{"embeddable":true,"href":"https:\/\/heamoobel.ee\/et\/wp-json\/wp\/v2\/users\/3"}],"replies":[{"embeddable":true,"href":"https:\/\/heamoobel.ee\/et\/wp-json\/wp\/v2\/comments?post=8406"}],"version-history":[{"count":1,"href":"https:\/\/heamoobel.ee\/et\/wp-json\/wp\/v2\/pages\/8406\/revisions"}],"predecessor-version":[{"id":8407,"href":"https:\/\/heamoobel.ee\/et\/wp-json\/wp\/v2\/pages\/8406\/revisions\/8407"}],"up":[{"embeddable":true,"href":"https:\/\/heamoobel.ee\/et\/wp-json\/wp\/v2\/pages\/8400"}],"wp:attachment":[{"href":"https:\/\/heamoobel.ee\/et\/wp-json\/wp\/v2\/media?parent=8406"}],"curies":[{"name":"wp","href":"https:\/\/api.w.org\/{rel}","templated":true}]}}