{"id":8402,"date":"2016-02-04T16:38:07","date_gmt":"2016-02-04T13:38:07","guid":{"rendered":"http:\/\/heamoobel.ee\/et\/tehtud-tood\/vannye-komnaty\/"},"modified":"2016-03-31T11:26:09","modified_gmt":"2016-03-31T08:26:09","slug":"vannituba","status":"publish","type":"page","link":"https:\/\/heamoobel.ee\/et\/tehtud-tood\/vannituba\/","title":{"rendered":"Vannituba"},"content":{"rendered":"<style type=\"text\/css\"> \n#cmsms_row_69f0c906b44037_81191494 { \n\tbackground-image: url(https:\/\/heamoobel.ee\/wp-content\/uploads\/2016\/02\/mebel-dlja-vannoj-komnaty2.jpg); \n\tbackground-position: top center; \n\tbackground-repeat: no-repeat; \n\tbackground-attachment: fixed; \n\tbackground-size: contain; \n} \n\n#cmsms_row_69f0c906b44037_81191494 .cmsms_row_outer_parent { \n\tpadding-top: 150px; \n} \n\n#cmsms_row_69f0c906b44037_81191494 .cmsms_row_outer_parent { \n\tpadding-bottom: 140px; \n} \n\n#cmsms_row_69f0c906b44037_81191494 .cmsms_row_overlay { \n\tbackground-color:rgba(37,37,49,0.5);\n} \n\n \n#cmsms_heading_69f0c906b48556_13401187 { \n\ttext-align:center; \n\tmargin-top:0px; \n\tmargin-bottom:0px; \n} \n\n#cmsms_heading_69f0c906b48556_13401187 .cmsms_heading { \n\ttext-align:center; \n} \n\n#cmsms_heading_69f0c906b48556_13401187 .cmsms_heading, #cmsms_heading_69f0c906b48556_13401187 .cmsms_heading a { \n\tfont-family:'Open Sans'; \n\tfont-size:64px; \n\tline-height:80px; \n\tfont-weight:600; \n\tfont-style:normal; \n\tcolor:#ffffff;\n} \n\n#cmsms_heading_69f0c906b48556_13401187 .cmsms_heading_divider { \n} \n\n@media (max-width: 767px) {\n\n#cmsms_heading_69f0c906b48556_13401187 .cmsms_heading, #cmsms_heading_69f0c906b48556_13401187 .cmsms_heading a { \n\tfont-size:54px; \n\tline-height:64px; \n} \n\n} \n\n \n#cmsms_row_69f0c906b49484_27624516 .cmsms_row_outer_parent { \n\tpadding-top: 70px; \n} \n\n#cmsms_row_69f0c906b49484_27624516 .cmsms_row_outer_parent { \n\tpadding-bottom: 70px; \n} \n\n \n#cmsms_row_69f0c906b725d9_84569415 .cmsms_row_outer_parent { \n\tpadding-top: 0px; \n} \n\n#cmsms_row_69f0c906b725d9_84569415 .cmsms_row_outer_parent { \n\tpadding-bottom: 0px; \n} \n\n \n#cmsms_divider_69f0c906b73603_69966847 { \n\tborder-bottom-width:1px; \n\tborder-bottom-style:solid; \n\tpadding-top:0px; \n\tmargin-bottom:0px; \n} \n<\/style><div id=\"cmsms_row_69f0c906b44037_81191494\" class=\"cmsms_row cmsms_color_scheme_default\" data-stellar-background-ratio=\"0.5\">\n<div class=\"cmsms_row_outer_parent\">\n<div class=\"cmsms_row_overlay\"><\/div>\n<div class=\"cmsms_row_outer\">\n<div class=\"cmsms_row_inner\">\n<div class=\"cmsms_row_margin\">\n<div class=\"cmsms_column one_first\">\n\n<div id=\"cmsms_heading_69f0c906b48556_13401187\" class=\"cmsms_heading_wrap cmsms_heading_align_center\">\n\t<h1 class=\"cmsms_heading\">Vannituba<\/h1>\n<\/div>\n<\/div>\n<\/div>\n<\/div>\n<\/div>\n<\/div>\n<\/div>\n<div id=\"cmsms_row_69f0c906b49484_27624516\" class=\"cmsms_row cmsms_color_scheme_default\">\n<div class=\"cmsms_row_outer_parent\">\n<div class=\"cmsms_row_outer\">\n<div class=\"cmsms_row_inner\">\n<div class=\"cmsms_row_margin\">\n<div class=\"cmsms_column one_first\">\n<div class=\"cmsms_wrap_portfolio entry-summary\" id=\"portfolio_69f0c906b4ad2\">\n\t<script type=\"text\/javascript\">\n\tjQuery(document).ready(function () {\n\t(function ($) {\n\t\tif ($('#portfolio_69f0c906b4ad2').find('article').length == '0') {\n\t\t\treturn false;\n\t\t}\n\t\t\n\n\t\tstartPortfolio( \n\t\t\t'69f0c906b4ad2', \n\t\t\t'grid', \n\t\t\t'masonry', \n\t\t\t'https:\/\/heamoobel.ee\/wp-content\/plugins\/cmsms-content-composer\/', \n\t\t\t'date', \n\t\t\t'DESC', \n\t\t\t'10', \n\t\t\t'vannituba', \n\t\t\t'title,rollover' \n\t\t);\n\t} )(jQuery);\n\t} );\n\t<\/script>\n\t<div class=\"portfolio grid large_gap masonry cmsms_5\">\n<!--_________________________ Start Gallery Project _________________________ -->\n\n<article id=\"post-8696\" class=\"post-8696 project type-project status-publish format-gallery has-post-thumbnail hentry pj-categs-vannituba\" data-category=\"vannituba\">\n\t<div class=\"project_outer\">\n\t<figure class=\"cmsms_img_rollover_wrap preloader highImg\"><img loading=\"lazy\" decoding=\"async\" width=\"580\" height=\"387\" src=\"https:\/\/heamoobel.ee\/wp-content\/uploads\/2016\/12\/UUS2479-580x387.jpg\" class=\"full-width wp-post-image\" alt=\"Vanitoa m\u00f6\u00f6bel 2\" title=\"Vanitoa m\u00f6\u00f6bel 2\" srcset=\"https:\/\/heamoobel.ee\/wp-content\/uploads\/2016\/12\/UUS2479-580x387.jpg 580w, https:\/\/heamoobel.ee\/wp-content\/uploads\/2016\/12\/UUS2479-300x200.jpg 300w, https:\/\/heamoobel.ee\/wp-content\/uploads\/2016\/12\/UUS2479-768x512.jpg 768w, https:\/\/heamoobel.ee\/wp-content\/uploads\/2016\/12\/UUS2479-1024x683.jpg 1024w, https:\/\/heamoobel.ee\/wp-content\/uploads\/2016\/12\/UUS2479-860x574.jpg 860w, https:\/\/heamoobel.ee\/wp-content\/uploads\/2016\/12\/UUS2479-1160x774.jpg 1160w, https:\/\/heamoobel.ee\/wp-content\/uploads\/2016\/12\/UUS2479.jpg 1600w\" sizes=\"(max-width: 580px) 100vw, 580px\" \/><div class=\"cmsms_img_rollover\"><a href=\"https:\/\/heamoobel.ee\/et\/project\/vanitoa-moobel-2\/\" title=\"Vanitoa m\u00f6\u00f6bel 2\" class=\"cmsms_open_link\">Vaata<\/a><\/div><\/figure><div class=\"project_inner\"><header class=\"cmsms_project_header entry-header\"><h5 class=\"cmsms_project_title entry-title\"><a href=\"https:\/\/heamoobel.ee\/et\/project\/vanitoa-moobel-2\/\">Vanitoa m\u00f6\u00f6bel 2<\/a><\/h5><\/header><\/div><span class=\"dn meta-date\">20161207003358<\/span>\t\t<div class=\"cl\"><\/div>\n\t<\/div>\n<\/article>\n<!--_________________________ Finish Gallery Project _________________________ -->\n\n\n<!--_________________________ Start Gallery Project _________________________ -->\n\n<article id=\"post-8664\" class=\"post-8664 project type-project status-publish format-gallery has-post-thumbnail hentry pj-categs-vannituba\" data-category=\"vannituba\">\n\t<div class=\"project_outer\">\n\t<figure class=\"cmsms_img_rollover_wrap preloader highImg\"><img loading=\"lazy\" decoding=\"async\" width=\"580\" height=\"387\" src=\"https:\/\/heamoobel.ee\/wp-content\/uploads\/2016\/07\/UUS3976-580x387.jpg\" class=\"full-width wp-post-image\" alt=\"Vanitoa m\u00f6\u00f6bel\" title=\"Vanitoa m\u00f6\u00f6bel\" srcset=\"https:\/\/heamoobel.ee\/wp-content\/uploads\/2016\/07\/UUS3976-580x387.jpg 580w, https:\/\/heamoobel.ee\/wp-content\/uploads\/2016\/07\/UUS3976-300x200.jpg 300w, https:\/\/heamoobel.ee\/wp-content\/uploads\/2016\/07\/UUS3976-768x512.jpg 768w, https:\/\/heamoobel.ee\/wp-content\/uploads\/2016\/07\/UUS3976-1024x683.jpg 1024w, https:\/\/heamoobel.ee\/wp-content\/uploads\/2016\/07\/UUS3976-860x573.jpg 860w, https:\/\/heamoobel.ee\/wp-content\/uploads\/2016\/07\/UUS3976-1160x773.jpg 1160w, https:\/\/heamoobel.ee\/wp-content\/uploads\/2016\/07\/UUS3976.jpg 1500w\" sizes=\"(max-width: 580px) 100vw, 580px\" \/><div class=\"cmsms_img_rollover\"><a href=\"https:\/\/heamoobel.ee\/et\/project\/vanitoa-moobel\/\" title=\"Vanitoa m\u00f6\u00f6bel\" class=\"cmsms_open_link\">Vaata<\/a><\/div><\/figure><div class=\"project_inner\"><header class=\"cmsms_project_header entry-header\"><h5 class=\"cmsms_project_title entry-title\"><a href=\"https:\/\/heamoobel.ee\/et\/project\/vanitoa-moobel\/\">Vanitoa m\u00f6\u00f6bel<\/a><\/h5><\/header><\/div><span class=\"dn meta-date\">20160708131338<\/span>\t\t<div class=\"cl\"><\/div>\n\t<\/div>\n<\/article>\n<!--_________________________ Finish Gallery Project _________________________ -->\n\n<\/div><div class=\"cmsms_wrap_more_projects cmsms_wrap_more_items\"><\/div><\/div>\n<\/div>\n<\/div>\n<\/div>\n<\/div>\n<\/div>\n<\/div>\n<div id=\"cmsms_row_69f0c906b725d9_84569415\" class=\"cmsms_row cmsms_color_scheme_default\">\n<div class=\"cmsms_row_outer_parent\">\n<div class=\"cmsms_row_outer\">\n<div class=\"cmsms_row_inner\">\n<div class=\"cmsms_row_margin\">\n<div class=\"cmsms_column one_first\">\n\n<div id=\"cmsms_divider_69f0c906b73603_69966847\" class=\"cmsms_divider cmsms_divider_width_long cmsms_divider_pos_center\"><\/div>\n<\/div>\n<\/div>\n<\/div>\n<\/div>\n<\/div>\n<\/div>\n\n","protected":false},"excerpt":{"rendered":"","protected":false},"author":3,"featured_media":0,"parent":8400,"menu_order":0,"comment_status":"closed","ping_status":"closed","template":"","meta":{"footnotes":""},"yoast_head":"<!-- This site is optimized with the Yoast SEO plugin v22.6 - https:\/\/yoast.com\/wordpress\/plugins\/seo\/ -->\n<title>Vannituba &#8211; Hea M\u00f6\u00f6bel O\u00dc<\/title>\n<meta name=\"robots\" content=\"index, follow, max-snippet:-1, max-image-preview:large, max-video-preview:-1\" \/>\n<link rel=\"canonical\" href=\"https:\/\/heamoobel.ee\/et\/tehtud-tood\/vannituba\/\" \/>\n<meta property=\"og:locale\" content=\"et_EE\" \/>\n<meta property=\"og:type\" content=\"article\" \/>\n<meta property=\"og:title\" content=\"Vannituba &#8211; Hea M\u00f6\u00f6bel O\u00dc\" \/>\n<meta property=\"og:url\" content=\"https:\/\/heamoobel.ee\/et\/tehtud-tood\/vannituba\/\" \/>\n<meta property=\"og:site_name\" content=\"Hea M\u00f6\u00f6bel O\u00dc\" \/>\n<meta property=\"article:modified_time\" content=\"2016-03-31T08:26:09+00:00\" \/>\n<meta name=\"twitter:card\" content=\"summary_large_image\" \/>\n<meta name=\"twitter:label1\" content=\"Est. reading time\" \/>\n\t<meta name=\"twitter:data1\" content=\"1 minut\" \/>\n<script type=\"application\/ld+json\" class=\"yoast-schema-graph\">{\"@context\":\"https:\/\/schema.org\",\"@graph\":[{\"@type\":\"WebPage\",\"@id\":\"https:\/\/heamoobel.ee\/et\/tehtud-tood\/vannituba\/\",\"url\":\"https:\/\/heamoobel.ee\/et\/tehtud-tood\/vannituba\/\",\"name\":\"Vannituba &#8211; Hea M\u00f6\u00f6bel O\u00dc\",\"isPartOf\":{\"@id\":\"https:\/\/heamoobel.ee\/#website\"},\"datePublished\":\"2016-02-04T13:38:07+00:00\",\"dateModified\":\"2016-03-31T08:26:09+00:00\",\"breadcrumb\":{\"@id\":\"https:\/\/heamoobel.ee\/et\/tehtud-tood\/vannituba\/#breadcrumb\"},\"inLanguage\":\"et\",\"potentialAction\":[{\"@type\":\"ReadAction\",\"target\":[\"https:\/\/heamoobel.ee\/et\/tehtud-tood\/vannituba\/\"]}]},{\"@type\":\"BreadcrumbList\",\"@id\":\"https:\/\/heamoobel.ee\/et\/tehtud-tood\/vannituba\/#breadcrumb\",\"itemListElement\":[{\"@type\":\"ListItem\",\"position\":1,\"name\":\"\u0413\u043b\u0430\u0432\u043d\u0430\u044f \u0441\u0442\u0440\u0430\u043d\u0438\u0446\u0430\",\"item\":\"https:\/\/heamoobel.ee\/et\/\"},{\"@type\":\"ListItem\",\"position\":2,\"name\":\"Tehtud t\u00f6\u00f6d\",\"item\":\"https:\/\/heamoobel.ee\/et\/tehtud-tood\/\"},{\"@type\":\"ListItem\",\"position\":3,\"name\":\"Vannituba\"}]},{\"@type\":\"WebSite\",\"@id\":\"https:\/\/heamoobel.ee\/#website\",\"url\":\"https:\/\/heamoobel.ee\/\",\"name\":\"Hea M\u00f6\u00f6bel O\u00dc\",\"description\":\"\",\"potentialAction\":[{\"@type\":\"SearchAction\",\"target\":{\"@type\":\"EntryPoint\",\"urlTemplate\":\"https:\/\/heamoobel.ee\/?s={search_term_string}\"},\"query-input\":\"required name=search_term_string\"}],\"inLanguage\":\"et\"}]}<\/script>\n<!-- \/ Yoast SEO plugin. -->","yoast_head_json":{"title":"Vannituba &#8211; Hea M\u00f6\u00f6bel O\u00dc","robots":{"index":"index","follow":"follow","max-snippet":"max-snippet:-1","max-image-preview":"max-image-preview:large","max-video-preview":"max-video-preview:-1"},"canonical":"https:\/\/heamoobel.ee\/et\/tehtud-tood\/vannituba\/","og_locale":"et_EE","og_type":"article","og_title":"Vannituba &#8211; Hea M\u00f6\u00f6bel O\u00dc","og_url":"https:\/\/heamoobel.ee\/et\/tehtud-tood\/vannituba\/","og_site_name":"Hea M\u00f6\u00f6bel O\u00dc","article_modified_time":"2016-03-31T08:26:09+00:00","twitter_card":"summary_large_image","twitter_misc":{"Est. reading time":"1 minut"},"schema":{"@context":"https:\/\/schema.org","@graph":[{"@type":"WebPage","@id":"https:\/\/heamoobel.ee\/et\/tehtud-tood\/vannituba\/","url":"https:\/\/heamoobel.ee\/et\/tehtud-tood\/vannituba\/","name":"Vannituba &#8211; Hea M\u00f6\u00f6bel O\u00dc","isPartOf":{"@id":"https:\/\/heamoobel.ee\/#website"},"datePublished":"2016-02-04T13:38:07+00:00","dateModified":"2016-03-31T08:26:09+00:00","breadcrumb":{"@id":"https:\/\/heamoobel.ee\/et\/tehtud-tood\/vannituba\/#breadcrumb"},"inLanguage":"et","potentialAction":[{"@type":"ReadAction","target":["https:\/\/heamoobel.ee\/et\/tehtud-tood\/vannituba\/"]}]},{"@type":"BreadcrumbList","@id":"https:\/\/heamoobel.ee\/et\/tehtud-tood\/vannituba\/#breadcrumb","itemListElement":[{"@type":"ListItem","position":1,"name":"\u0413\u043b\u0430\u0432\u043d\u0430\u044f \u0441\u0442\u0440\u0430\u043d\u0438\u0446\u0430","item":"https:\/\/heamoobel.ee\/et\/"},{"@type":"ListItem","position":2,"name":"Tehtud t\u00f6\u00f6d","item":"https:\/\/heamoobel.ee\/et\/tehtud-tood\/"},{"@type":"ListItem","position":3,"name":"Vannituba"}]},{"@type":"WebSite","@id":"https:\/\/heamoobel.ee\/#website","url":"https:\/\/heamoobel.ee\/","name":"Hea M\u00f6\u00f6bel O\u00dc","description":"","potentialAction":[{"@type":"SearchAction","target":{"@type":"EntryPoint","urlTemplate":"https:\/\/heamoobel.ee\/?s={search_term_string}"},"query-input":"required name=search_term_string"}],"inLanguage":"et"}]}},"_links":{"self":[{"href":"https:\/\/heamoobel.ee\/et\/wp-json\/wp\/v2\/pages\/8402"}],"collection":[{"href":"https:\/\/heamoobel.ee\/et\/wp-json\/wp\/v2\/pages"}],"about":[{"href":"https:\/\/heamoobel.ee\/et\/wp-json\/wp\/v2\/types\/page"}],"author":[{"embeddable":true,"href":"https:\/\/heamoobel.ee\/et\/wp-json\/wp\/v2\/users\/3"}],"replies":[{"embeddable":true,"href":"https:\/\/heamoobel.ee\/et\/wp-json\/wp\/v2\/comments?post=8402"}],"version-history":[{"count":1,"href":"https:\/\/heamoobel.ee\/et\/wp-json\/wp\/v2\/pages\/8402\/revisions"}],"predecessor-version":[{"id":8403,"href":"https:\/\/heamoobel.ee\/et\/wp-json\/wp\/v2\/pages\/8402\/revisions\/8403"}],"up":[{"embeddable":true,"href":"https:\/\/heamoobel.ee\/et\/wp-json\/wp\/v2\/pages\/8400"}],"wp:attachment":[{"href":"https:\/\/heamoobel.ee\/et\/wp-json\/wp\/v2\/media?parent=8402"}],"curies":[{"name":"wp","href":"https:\/\/api.w.org\/{rel}","templated":true}]}}